{"id":270,"date":"2026-03-03T16:11:54","date_gmt":"2026-03-03T16:11:54","guid":{"rendered":"https:\/\/pietrocoerezza.it\/?page_id=270"},"modified":"2026-03-16T07:31:51","modified_gmt":"2026-03-16T07:31:51","slug":"home","status":"publish","type":"page","link":"https:\/\/pietrocoerezza.it\/","title":{"rendered":"home"},"content":{"rendered":"\t\t<div data-elementor-type=\"wp-post\" data-elementor-id=\"270\" class=\"elementor elementor-270\" data-elementor-post-type=\"page\">\n\t\t\t\t<div class=\"elementor-element elementor-element-72508d15 e-con-full e-flex e-con e-parent\" data-id=\"72508d15\" data-element_type=\"container\" data-e-type=\"container\" data-settings=\"{&quot;background_background&quot;:&quot;classic&quot;}\">\n\t\t<div class=\"elementor-element elementor-element-146a723e e-con-full e-flex e-con e-child\" data-id=\"146a723e\" data-element_type=\"container\" data-e-type=\"container\">\n\t\t\t\t<div class=\"elementor-element elementor-element-6cb000c1 elementor-invisible elementor-widget elementor-widget-heading\" data-id=\"6cb000c1\" data-element_type=\"widget\" data-e-type=\"widget\" data-settings=\"{&quot;_animation&quot;:&quot;fadeIn&quot;}\" data-widget_type=\"heading.default\">\n\t\t\t\t\t<h1 class=\"elementor-heading-title elementor-size-default\">Diventare noi stessi \u00e8 un viaggio:\u2028<br>un cammino di ascolto, scoperta e cura di s\u00e9, \u2028\u2028<br>per dare voce alle parti di noi che desiderano vivere pienamente<\/h1>\t\t\t\t<\/div>\n\t\t\t\t<\/div>\n\t\t\t\t<\/div>\n\t\t<div class=\"elementor-element elementor-element-e1b95f4 e-con-full e-flex e-con e-parent\" data-id=\"e1b95f4\" data-element_type=\"container\" data-e-type=\"container\" data-settings=\"{&quot;background_background&quot;:&quot;classic&quot;}\">\n\t\t<div class=\"elementor-element elementor-element-7d0f529 e-con-full e-flex e-con e-child\" data-id=\"7d0f529\" data-element_type=\"container\" data-e-type=\"container\">\n\t\t\t\t<div class=\"elementor-element elementor-element-269e23f elementor-widget elementor-widget-image\" data-id=\"269e23f\" data-element_type=\"widget\" data-e-type=\"widget\" data-widget_type=\"image.default\">\n\t\t\t\t\t\t\t\t\t\t\t\t\t\t\t<img decoding=\"async\" width=\"150\" height=\"149\" src=\"https:\/\/pietrocoerezza.it\/wp-content\/uploads\/2026\/03\/cavalliere-favicon.png\" class=\"attachment-full size-full wp-image-972\" alt=\"\" \/>\t\t\t\t\t\t\t\t\t\t\t\t\t\t\t<\/div>\n\t\t\t\t<\/div>\n\t\t<div class=\"elementor-element elementor-element-84f25e5 e-con-full e-flex e-con e-child\" data-id=\"84f25e5\" data-element_type=\"container\" data-e-type=\"container\">\n\t\t\t\t<div class=\"elementor-element elementor-element-7d19f39 elementor-widget elementor-widget-text-editor\" data-id=\"7d19f39\" data-element_type=\"widget\" data-e-type=\"widget\" data-widget_type=\"text-editor.default\">\n\t\t\t\t\t\t\t\t\t<p><strong>Prendersi cura di s\u00e9 non significa correggersi, ma fermarsi, ascoltare, dare spazio a ci\u00f2 che chiede attenzione.<\/strong><\/p><p class=\"p1\">L&#8217;analisi biografica a orientamento filosofico pu\u00f2 essere un percorso per affrontare momenti difficili e cambiamenti nella vita, nelle relazioni o nel lavoro, ascoltare sintomi psichici e corporei, ma anche comprendersi meglio, e sempre cercare un senso a ci\u00f2 che ci accade per imparare a vivere con pi\u00f9 autenticit\u00e0.<\/p>\t\t\t\t\t\t\t\t<\/div>\n\t\t\t\t<\/div>\n\t\t\t\t<\/div>\n\t\t<div class=\"elementor-element elementor-element-6858aced e-con-full e-flex e-con e-parent\" data-id=\"6858aced\" data-element_type=\"container\" data-e-type=\"container\" data-settings=\"{&quot;background_background&quot;:&quot;classic&quot;}\">\n\t\t<div class=\"elementor-element elementor-element-5d8e3664 e-con-full e-flex e-con e-child\" data-id=\"5d8e3664\" data-element_type=\"container\" data-e-type=\"container\" data-settings=\"{&quot;background_background&quot;:&quot;classic&quot;}\">\n\t\t\t\t<div class=\"elementor-element elementor-element-0ff47e9 elementor-invisible elementor-widget elementor-widget-heading\" data-id=\"0ff47e9\" data-element_type=\"widget\" data-e-type=\"widget\" data-settings=\"{&quot;_animation&quot;:&quot;fadeIn&quot;}\" data-widget_type=\"heading.default\">\n\t\t\t\t\t<h1 class=\"elementor-heading-title elementor-size-default\">Le parole del corpo e dell\u2019anima<\/h1>\t\t\t\t<\/div>\n\t\t\t\t<div class=\"elementor-element elementor-element-2196a82 elementor-widget elementor-widget-text-editor\" data-id=\"2196a82\" data-element_type=\"widget\" data-e-type=\"widget\" data-widget_type=\"text-editor.default\">\n\t\t\t\t\t\t\t\t\t<p class=\"p1\">Spesso ci\u00f2 che sentiamo &#8211; sintomi del corpo o dell\u2019anima, tensioni, stanchezza, pensieri ricorrenti, tristezza, angoscia o altre emozioni intense &#8211; non sono solo segnali di disagio, ma possibilit\u00e0. Messaggi di una parte di noi che desidera essere ascoltata e compresa.<\/p><p class=\"p1\">Accogliere questi messaggi, lasciarli esprimere, pu\u00f2 trasformarli in un\u2019occasione per vivere la propria esperienza in modo pi\u00f9 reale, personale e creativo.<\/p><p class=\"p1\">\u00c8 un invito a entrare in relazione con il proprio modo unico di essere, trovando significato in ci\u00f2 che si prova e in ci\u00f2 che si \u00e8.<\/p>\t\t\t\t\t\t\t\t<\/div>\n\t\t\t\t<\/div>\n\t\t\t\t<div class=\"elementor-element elementor-element-27dc8b04 elementor-widget__width-initial elementor-widget-tablet__width-inherit elementor-widget elementor-widget-image\" data-id=\"27dc8b04\" data-element_type=\"widget\" data-e-type=\"widget\" data-widget_type=\"image.default\">\n\t\t\t\t\t\t\t\t\t\t\t\t\t\t\t<img decoding=\"async\" src=\"https:\/\/pietrocoerezza.it\/wp-content\/uploads\/2026\/03\/la-boh-mienne-endormie-1897.jpgLarge.jpg\" title=\"la-boh-mienne-endormie-1897.jpg!Large\" alt=\"la-boh-mienne-endormie-1897.jpg!Large\" loading=\"lazy\" \/>\t\t\t\t\t\t\t\t\t\t\t\t\t\t\t<\/div>\n\t\t\t\t<\/div>\n\t\t<div class=\"elementor-element elementor-element-0e68db3 e-con-full e-flex e-con e-parent\" data-id=\"0e68db3\" data-element_type=\"container\" data-e-type=\"container\" data-settings=\"{&quot;background_background&quot;:&quot;classic&quot;}\">\n\t\t<div class=\"elementor-element elementor-element-d85c282 e-con-full e-flex e-con e-child\" data-id=\"d85c282\" data-element_type=\"container\" data-e-type=\"container\">\n\t\t\t\t<div class=\"elementor-element elementor-element-b92028e elementor-invisible elementor-widget elementor-widget-heading\" data-id=\"b92028e\" data-element_type=\"widget\" data-e-type=\"widget\" data-settings=\"{&quot;_animation&quot;:&quot;fadeIn&quot;}\" data-widget_type=\"heading.default\">\n\t\t\t\t\t<h2 class=\"elementor-heading-title elementor-size-default\">Movimenti del vivere<\/h2>\t\t\t\t<\/div>\n\t\t\t\t<div class=\"elementor-element elementor-element-290f272 elementor-widget elementor-widget-text-editor\" data-id=\"290f272\" data-element_type=\"widget\" data-e-type=\"widget\" data-widget_type=\"text-editor.default\">\n\t\t\t\t\t\t\t\t\t<p class=\"p1\">Possono esserci momenti in cui ci si sente inadeguati, ansiosi, sopraffatti dallo stress. Pu\u00f2 emergere un senso di vuoto, la difficolt\u00e0 nel dare forma e parola a ci\u00f2 che si prova. Capita di attraversare separazioni, lutti, cambiamenti importanti, entrando in nuove fasi dell\u2019esistenza.<\/p><p class=\"p1\">In questi momenti di passaggio pu\u00f2 accadere di sentirsi smarriti, di sentirci spinti alla ricerca di un senso nella vita che non riusciamo a contattare. Allora sentiamo forte la spinta a vivere con pi\u00f9 autenticit\u00e0, nelle relazioni, nel lavoro, nella quotidianit\u00e0, il desiderio di non tradire noi stessi, di vivere pienamente chi siamo.<\/p><p class=\"p1\">Altre volte, pi\u00f9 semplicemente, pur stando bene, desideriamo portare maggiore verit\u00e0 nella nostra esistenza, contattare un significato pi\u00f9 profondo del nostro vivere, maggiore connessione tra le diverse parti che ci costituiscono e con la vita stessa.<\/p><p class=\"p1\">Questi vissuti possono diventare l\u2019occasione per aprire uno spazio di ascolto, comprensione e cura di noi stessi.<\/p>\t\t\t\t\t\t\t\t<\/div>\n\t\t\t\t<\/div>\n\t\t\t\t<\/div>\n\t\t<div class=\"elementor-element elementor-element-2f9dc1d e-con-full e-flex e-con e-parent\" data-id=\"2f9dc1d\" data-element_type=\"container\" data-e-type=\"container\" data-settings=\"{&quot;background_background&quot;:&quot;classic&quot;}\">\n\t\t<div class=\"elementor-element elementor-element-4c85ab7 e-con-full e-flex e-con e-child\" data-id=\"4c85ab7\" data-element_type=\"container\" data-e-type=\"container\">\n\t\t\t\t<div class=\"elementor-element elementor-element-c05d597 elementor-widget elementor-widget-image\" data-id=\"c05d597\" data-element_type=\"widget\" data-e-type=\"widget\" data-widget_type=\"image.default\">\n\t\t\t\t\t\t\t\t\t\t\t\t\t\t\t<img fetchpriority=\"high\" decoding=\"async\" width=\"700\" height=\"700\" src=\"https:\/\/pietrocoerezza.it\/wp-content\/uploads\/2026\/03\/Prova-ritratto-modifica-e1772552793253.png\" class=\"attachment-1536x1536 size-1536x1536 wp-image-218\" alt=\"\" \/>\t\t\t\t\t\t\t\t\t\t\t\t\t\t\t<\/div>\n\t\t\t\t<\/div>\n\t\t<div class=\"elementor-element elementor-element-f4b68ef e-con-full e-flex e-con e-child\" data-id=\"f4b68ef\" data-element_type=\"container\" data-e-type=\"container\">\n\t\t\t\t<div class=\"elementor-element elementor-element-7031705 elementor-hidden-tablet elementor-hidden-mobile elementor-invisible elementor-widget elementor-widget-heading\" data-id=\"7031705\" data-element_type=\"widget\" data-e-type=\"widget\" data-settings=\"{&quot;_animation&quot;:&quot;fadeIn&quot;}\" data-widget_type=\"heading.default\">\n\t\t\t\t\t<h2 class=\"elementor-heading-title elementor-size-default\">Mi chiamo<\/h2>\t\t\t\t<\/div>\n\t\t\t\t<div class=\"elementor-element elementor-element-879e03d elementor-widget elementor-widget-text-editor\" data-id=\"879e03d\" data-element_type=\"widget\" data-e-type=\"widget\" data-widget_type=\"text-editor.default\">\n\t\t\t\t\t\t\t\t\t<p class=\"p1\">Mi chiamo Pietro Coerezza.<br data-start=\"1625\" data-end=\"1628\" \/>Lavoro come analista biografico a orientamento filosofico.<br data-start=\"1688\" data-end=\"1691\" \/>Questo spazio nasce per suggerire, a chi lo desidera e ne sente il bisogno, di intraprendere un percorso di analisi, scoperta e cura di s\u00e8.\u00a0<\/p><p class=\"p1\">Nasce anche dalla convinzione e dalla speranza che ogni esistenza possa compiersi pi\u00f9 pienamente possibile e che ogni pezzo di vita non vissuto o sacrificato possa essere esplorato e integrato.<\/p>\t\t\t\t\t\t\t\t<\/div>\n\t\t\t\t<\/div>\n\t\t\t\t<\/div>\n\t\t<div class=\"elementor-element elementor-element-4ecc73dd e-con-full e-flex e-con e-parent\" data-id=\"4ecc73dd\" data-element_type=\"container\" data-e-type=\"container\" data-settings=\"{&quot;background_background&quot;:&quot;classic&quot;}\">\n\t\t<div class=\"elementor-element elementor-element-55507091 e-con-full e-flex e-con e-child\" data-id=\"55507091\" data-element_type=\"container\" data-e-type=\"container\">\n\t\t\t\t<div class=\"elementor-element elementor-element-31adc72e elementor-invisible elementor-widget elementor-widget-heading\" data-id=\"31adc72e\" data-element_type=\"widget\" data-e-type=\"widget\" data-settings=\"{&quot;_animation&quot;:&quot;fadeIn&quot;}\" data-widget_type=\"heading.default\">\n\t\t\t\t\t<h2 class=\"elementor-heading-title elementor-size-default\">Un possibile percorso<\/h2>\t\t\t\t<\/div>\n\t\t\t\t<div class=\"elementor-element elementor-element-51dea911 elementor-widget elementor-widget-text-editor\" data-id=\"51dea911\" data-element_type=\"widget\" data-e-type=\"widget\" data-widget_type=\"text-editor.default\">\n\t\t\t\t\t\t\t\t\t<p class=\"p1\">L\u2019analisi biografica a orientamento filosofico offre uno spazio di ascolto e di relazione in cui la propria storia, i vissuti presenti, il corpo, le emozioni e le domande di senso possono essere accolti e pensati insieme.<\/p><p class=\"p2\">Non \u00e8 un percorso gi\u00e0 scritto, ma un cammino che prende forma nel tempo, nel rispetto del ritmo, delle parole e dei silenzi di ciascuno.<\/p>\t\t\t\t\t\t\t\t<\/div>\n\t\t\t\t<\/div>\n\t\t<div class=\"elementor-element elementor-element-1451cd4 e-con-full e-flex e-con e-child\" data-id=\"1451cd4\" data-element_type=\"container\" data-e-type=\"container\">\n\t\t\t\t<div class=\"elementor-element elementor-element-c844048 elementor-widget elementor-widget-image\" data-id=\"c844048\" data-element_type=\"widget\" data-e-type=\"widget\" data-widget_type=\"image.default\">\n\t\t\t\t\t\t\t\t\t\t\t\t\t\t\t<img decoding=\"async\" width=\"300\" height=\"297\" src=\"https:\/\/pietrocoerezza.it\/wp-content\/uploads\/2026\/03\/MARGINE-PICCOLO-1-300x297.png\" class=\"attachment-medium size-medium wp-image-484\" alt=\"\" srcset=\"https:\/\/pietrocoerezza.it\/wp-content\/uploads\/2026\/03\/MARGINE-PICCOLO-1-300x297.png 300w, https:\/\/pietrocoerezza.it\/wp-content\/uploads\/2026\/03\/MARGINE-PICCOLO-1-1024x1015.png 1024w, https:\/\/pietrocoerezza.it\/wp-content\/uploads\/2026\/03\/MARGINE-PICCOLO-1-150x150.png 150w, https:\/\/pietrocoerezza.it\/wp-content\/uploads\/2026\/03\/MARGINE-PICCOLO-1-768x761.png 768w, https:\/\/pietrocoerezza.it\/wp-content\/uploads\/2026\/03\/elementor\/thumbs\/MARGINE-PICCOLO-1-rk0jaghmeps8i8cu1usu4zi0bzkhuuqx6fl6w71x48.png 100w, https:\/\/pietrocoerezza.it\/wp-content\/uploads\/2026\/03\/MARGINE-PICCOLO-1.png 1355w\" sizes=\"(max-width: 300px) 100vw, 300px\" \/>\t\t\t\t\t\t\t\t\t\t\t\t\t\t\t<\/div>\n\t\t\t\t<\/div>\n\t\t\t\t<\/div>\n\t\t\t\t<\/div>\n\t\t","protected":false},"excerpt":{"rendered":"<p>Diventare noi stessi \u00e8 un viaggio:\u2028un cammino di ascolto, scoperta e cura di s\u00e9, \u2028\u2028per dare voce alle parti di noi che desiderano vivere pienamente Prendersi cura di s\u00e9 non significa correggersi, ma fermarsi, ascoltare, dare spazio a ci\u00f2 che chiede attenzione. L&#8217;analisi biografica a orientamento filosofico pu\u00f2 essere un percorso per affrontare momenti difficili [&hellip;]<\/p>\n","protected":false},"author":1,"featured_media":0,"parent":0,"menu_order":0,"comment_status":"closed","ping_status":"closed","template":"","meta":{"footnotes":""},"class_list":["post-270","page","type-page","status-publish","hentry"],"yoast_head":"<!-- This site is optimized with the Yoast SEO plugin v27.1.1 - https:\/\/yoast.com\/product\/yoast-seo-wordpress\/ -->\n<title>home - Pietro Coerezza<\/title>\n<meta name=\"robots\" content=\"index, follow, max-snippet:-1, max-image-preview:large, max-video-preview:-1\" \/>\n<link rel=\"canonical\" href=\"https:\/\/pietrocoerezza.it\/\" \/>\n<meta property=\"og:locale\" content=\"it_IT\" \/>\n<meta property=\"og:type\" content=\"article\" \/>\n<meta property=\"og:title\" content=\"home - Pietro Coerezza\" \/>\n<meta property=\"og:description\" content=\"Diventare noi stessi \u00e8 un viaggio:\u2028un cammino di ascolto, scoperta e cura di s\u00e9, \u2028\u2028per dare voce alle parti di noi che desiderano vivere pienamente Prendersi cura di s\u00e9 non significa correggersi, ma fermarsi, ascoltare, dare spazio a ci\u00f2 che chiede attenzione. L&#8217;analisi biografica a orientamento filosofico pu\u00f2 essere un percorso per affrontare momenti difficili [&hellip;]\" \/>\n<meta property=\"og:url\" content=\"https:\/\/pietrocoerezza.it\/\" \/>\n<meta property=\"og:site_name\" content=\"Pietro Coerezza\" \/>\n<meta property=\"article:modified_time\" content=\"2026-03-16T07:31:51+00:00\" \/>\n<meta property=\"og:image\" content=\"https:\/\/pietrocoerezza.it\/wp-content\/uploads\/2026\/03\/cavalliere-favicon.png\" \/>\n\t<meta property=\"og:image:width\" content=\"150\" \/>\n\t<meta property=\"og:image:height\" content=\"149\" \/>\n\t<meta property=\"og:image:type\" content=\"image\/png\" \/>\n<meta name=\"twitter:card\" content=\"summary_large_image\" \/>\n<meta name=\"twitter:label1\" content=\"Tempo di lettura stimato\" \/>\n\t<meta name=\"twitter:data1\" content=\"3 minuti\" \/>\n<script type=\"application\/ld+json\" class=\"yoast-schema-graph\">{\"@context\":\"https:\/\/schema.org\",\"@graph\":[{\"@type\":\"WebPage\",\"@id\":\"https:\/\/pietrocoerezza.it\/\",\"url\":\"https:\/\/pietrocoerezza.it\/\",\"name\":\"home - Pietro Coerezza\",\"isPartOf\":{\"@id\":\"https:\/\/pietrocoerezza.it\/#website\"},\"primaryImageOfPage\":{\"@id\":\"https:\/\/pietrocoerezza.it\/#primaryimage\"},\"image\":{\"@id\":\"https:\/\/pietrocoerezza.it\/#primaryimage\"},\"thumbnailUrl\":\"https:\/\/pietrocoerezza.it\/wp-content\/uploads\/2026\/03\/cavalliere-favicon.png\",\"datePublished\":\"2026-03-03T16:11:54+00:00\",\"dateModified\":\"2026-03-16T07:31:51+00:00\",\"breadcrumb\":{\"@id\":\"https:\/\/pietrocoerezza.it\/#breadcrumb\"},\"inLanguage\":\"it-IT\",\"potentialAction\":[{\"@type\":\"ReadAction\",\"target\":[\"https:\/\/pietrocoerezza.it\/\"]}]},{\"@type\":\"ImageObject\",\"inLanguage\":\"it-IT\",\"@id\":\"https:\/\/pietrocoerezza.it\/#primaryimage\",\"url\":\"https:\/\/pietrocoerezza.it\/wp-content\/uploads\/2026\/03\/cavalliere-favicon.png\",\"contentUrl\":\"https:\/\/pietrocoerezza.it\/wp-content\/uploads\/2026\/03\/cavalliere-favicon.png\",\"width\":150,\"height\":149},{\"@type\":\"BreadcrumbList\",\"@id\":\"https:\/\/pietrocoerezza.it\/#breadcrumb\",\"itemListElement\":[{\"@type\":\"ListItem\",\"position\":1,\"name\":\"Home\",\"item\":\"https:\/\/pietrocoerezza.it\/\"},{\"@type\":\"ListItem\",\"position\":2,\"name\":\"home\"}]},{\"@type\":\"WebSite\",\"@id\":\"https:\/\/pietrocoerezza.it\/#website\",\"url\":\"https:\/\/pietrocoerezza.it\/\",\"name\":\"Pietro Coerezza\",\"description\":\"Analista Biografico Abof\",\"publisher\":{\"@id\":\"https:\/\/pietrocoerezza.it\/#organization\"},\"potentialAction\":[{\"@type\":\"SearchAction\",\"target\":{\"@type\":\"EntryPoint\",\"urlTemplate\":\"https:\/\/pietrocoerezza.it\/?s={search_term_string}\"},\"query-input\":{\"@type\":\"PropertyValueSpecification\",\"valueRequired\":true,\"valueName\":\"search_term_string\"}}],\"inLanguage\":\"it-IT\"},{\"@type\":\"Organization\",\"@id\":\"https:\/\/pietrocoerezza.it\/#organization\",\"name\":\"Pietro Coerezza\",\"url\":\"https:\/\/pietrocoerezza.it\/\",\"logo\":{\"@type\":\"ImageObject\",\"inLanguage\":\"it-IT\",\"@id\":\"https:\/\/pietrocoerezza.it\/#\/schema\/logo\/image\/\",\"url\":\"https:\/\/pietrocoerezza.it\/wp-content\/uploads\/2026\/03\/Cavalliere-1.png\",\"contentUrl\":\"https:\/\/pietrocoerezza.it\/wp-content\/uploads\/2026\/03\/Cavalliere-1.png\",\"width\":1024,\"height\":1536,\"caption\":\"Pietro Coerezza\"},\"image\":{\"@id\":\"https:\/\/pietrocoerezza.it\/#\/schema\/logo\/image\/\"}}]}<\/script>\n<!-- \/ Yoast SEO plugin. -->","yoast_head_json":{"title":"home - Pietro Coerezza","robots":{"index":"index","follow":"follow","max-snippet":"max-snippet:-1","max-image-preview":"max-image-preview:large","max-video-preview":"max-video-preview:-1"},"canonical":"https:\/\/pietrocoerezza.it\/","og_locale":"it_IT","og_type":"article","og_title":"home - Pietro Coerezza","og_description":"Diventare noi stessi \u00e8 un viaggio:\u2028un cammino di ascolto, scoperta e cura di s\u00e9, \u2028\u2028per dare voce alle parti di noi che desiderano vivere pienamente Prendersi cura di s\u00e9 non significa correggersi, ma fermarsi, ascoltare, dare spazio a ci\u00f2 che chiede attenzione. L&#8217;analisi biografica a orientamento filosofico pu\u00f2 essere un percorso per affrontare momenti difficili [&hellip;]","og_url":"https:\/\/pietrocoerezza.it\/","og_site_name":"Pietro Coerezza","article_modified_time":"2026-03-16T07:31:51+00:00","og_image":[{"width":150,"height":149,"url":"https:\/\/pietrocoerezza.it\/wp-content\/uploads\/2026\/03\/cavalliere-favicon.png","type":"image\/png"}],"twitter_card":"summary_large_image","twitter_misc":{"Tempo di lettura stimato":"3 minuti"},"schema":{"@context":"https:\/\/schema.org","@graph":[{"@type":"WebPage","@id":"https:\/\/pietrocoerezza.it\/","url":"https:\/\/pietrocoerezza.it\/","name":"home - Pietro Coerezza","isPartOf":{"@id":"https:\/\/pietrocoerezza.it\/#website"},"primaryImageOfPage":{"@id":"https:\/\/pietrocoerezza.it\/#primaryimage"},"image":{"@id":"https:\/\/pietrocoerezza.it\/#primaryimage"},"thumbnailUrl":"https:\/\/pietrocoerezza.it\/wp-content\/uploads\/2026\/03\/cavalliere-favicon.png","datePublished":"2026-03-03T16:11:54+00:00","dateModified":"2026-03-16T07:31:51+00:00","breadcrumb":{"@id":"https:\/\/pietrocoerezza.it\/#breadcrumb"},"inLanguage":"it-IT","potentialAction":[{"@type":"ReadAction","target":["https:\/\/pietrocoerezza.it\/"]}]},{"@type":"ImageObject","inLanguage":"it-IT","@id":"https:\/\/pietrocoerezza.it\/#primaryimage","url":"https:\/\/pietrocoerezza.it\/wp-content\/uploads\/2026\/03\/cavalliere-favicon.png","contentUrl":"https:\/\/pietrocoerezza.it\/wp-content\/uploads\/2026\/03\/cavalliere-favicon.png","width":150,"height":149},{"@type":"BreadcrumbList","@id":"https:\/\/pietrocoerezza.it\/#breadcrumb","itemListElement":[{"@type":"ListItem","position":1,"name":"Home","item":"https:\/\/pietrocoerezza.it\/"},{"@type":"ListItem","position":2,"name":"home"}]},{"@type":"WebSite","@id":"https:\/\/pietrocoerezza.it\/#website","url":"https:\/\/pietrocoerezza.it\/","name":"Pietro Coerezza","description":"Analista Biografico Abof","publisher":{"@id":"https:\/\/pietrocoerezza.it\/#organization"},"potentialAction":[{"@type":"SearchAction","target":{"@type":"EntryPoint","urlTemplate":"https:\/\/pietrocoerezza.it\/?s={search_term_string}"},"query-input":{"@type":"PropertyValueSpecification","valueRequired":true,"valueName":"search_term_string"}}],"inLanguage":"it-IT"},{"@type":"Organization","@id":"https:\/\/pietrocoerezza.it\/#organization","name":"Pietro Coerezza","url":"https:\/\/pietrocoerezza.it\/","logo":{"@type":"ImageObject","inLanguage":"it-IT","@id":"https:\/\/pietrocoerezza.it\/#\/schema\/logo\/image\/","url":"https:\/\/pietrocoerezza.it\/wp-content\/uploads\/2026\/03\/Cavalliere-1.png","contentUrl":"https:\/\/pietrocoerezza.it\/wp-content\/uploads\/2026\/03\/Cavalliere-1.png","width":1024,"height":1536,"caption":"Pietro Coerezza"},"image":{"@id":"https:\/\/pietrocoerezza.it\/#\/schema\/logo\/image\/"}}]}},"_links":{"self":[{"href":"https:\/\/pietrocoerezza.it\/index.php?rest_route=\/wp\/v2\/pages\/270","targetHints":{"allow":["GET"]}}],"collection":[{"href":"https:\/\/pietrocoerezza.it\/index.php?rest_route=\/wp\/v2\/pages"}],"about":[{"href":"https:\/\/pietrocoerezza.it\/index.php?rest_route=\/wp\/v2\/types\/page"}],"author":[{"embeddable":true,"href":"https:\/\/pietrocoerezza.it\/index.php?rest_route=\/wp\/v2\/users\/1"}],"replies":[{"embeddable":true,"href":"https:\/\/pietrocoerezza.it\/index.php?rest_route=%2Fwp%2Fv2%2Fcomments&post=270"}],"version-history":[{"count":244,"href":"https:\/\/pietrocoerezza.it\/index.php?rest_route=\/wp\/v2\/pages\/270\/revisions"}],"predecessor-version":[{"id":1192,"href":"https:\/\/pietrocoerezza.it\/index.php?rest_route=\/wp\/v2\/pages\/270\/revisions\/1192"}],"wp:attachment":[{"href":"https:\/\/pietrocoerezza.it\/index.php?rest_route=%2Fwp%2Fv2%2Fmedia&parent=270"}],"curies":[{"name":"wp","href":"https:\/\/api.w.org\/{rel}","templated":true}]}}