{"id":297,"date":"2026-03-03T16:31:08","date_gmt":"2026-03-03T16:31:08","guid":{"rendered":"https:\/\/pietrocoerezza.it\/?page_id=297"},"modified":"2026-03-07T21:46:07","modified_gmt":"2026-03-07T21:46:07","slug":"sulla-soglia","status":"publish","type":"page","link":"https:\/\/pietrocoerezza.it\/?page_id=297","title":{"rendered":"sulla soglia"},"content":{"rendered":"\t\t<div data-elementor-type=\"wp-post\" data-elementor-id=\"297\" class=\"elementor elementor-297\" data-elementor-post-type=\"page\">\n\t\t\t\t<div class=\"elementor-element elementor-element-6858aced e-con-full e-flex e-con e-parent\" data-id=\"6858aced\" data-element_type=\"container\" data-e-type=\"container\" data-settings=\"{&quot;background_background&quot;:&quot;classic&quot;}\">\n\t\t<div class=\"elementor-element elementor-element-5d8e3664 e-con-full e-flex e-con e-child\" data-id=\"5d8e3664\" data-element_type=\"container\" data-e-type=\"container\" data-settings=\"{&quot;background_background&quot;:&quot;classic&quot;}\">\n\t\t\t\t<div class=\"elementor-element elementor-element-2196a82 elementor-widget elementor-widget-text-editor\" data-id=\"2196a82\" data-element_type=\"widget\" data-e-type=\"widget\" data-widget_type=\"text-editor.default\">\n\t\t\t\t\t\t\t\t\t<p class=\"p1\">Prima di iniziare un percorso analitico possono emergere domande, esitazioni, timori. \u00c8 comprensibile.<\/p><p class=\"p1\">Questo spazio \u00e8 pensato per accoglierli, senza forzarli, offrendo alcune prime coordinate sul modo in cui si svolge il lavoro analitico.<\/p>\t\t\t\t\t\t\t\t<\/div>\n\t\t\t\t<\/div>\n\t\t\t\t<\/div>\n\t\t<div class=\"elementor-element elementor-element-0e68db3 e-con-full e-flex e-con e-parent\" data-id=\"0e68db3\" data-element_type=\"container\" data-e-type=\"container\" data-settings=\"{&quot;background_background&quot;:&quot;classic&quot;}\">\n\t\t<div class=\"elementor-element elementor-element-d85c282 e-con-full e-flex e-con e-child\" data-id=\"d85c282\" data-element_type=\"container\" data-e-type=\"container\">\n\t\t\t\t<div class=\"elementor-element elementor-element-290f272 elementor-widget elementor-widget-text-editor\" data-id=\"290f272\" data-element_type=\"widget\" data-e-type=\"widget\" data-widget_type=\"text-editor.default\">\n\t\t\t\t\t\t\t\t\t<p><strong>Il timore del giudizio \u2028<\/strong><br \/>In un percorso analitico l\u2019analista non emette giudizi, consapevole del fatto che ogni vissuto, ogni paura, ogni agito sono parte dell\u2019umano, di ciascuno di noi. Ognuno di noi \u00e8 attraversato da ombre e dare spazio a queste dimensioni \u00e8 un processo di cura, un processo terapeutico nel senso pi\u00f9 profondo del termine.<\/p><p><strong>La riservatezza di ci\u00f2 che \u00e8 indicibile<\/strong><br \/>La relazione analitica si fonda sul segreto professionale. L\u2019obiettivo \u00e8 creare uno spazio in cui anche ci\u00f2 che viene vissuto come indicibile possa essere ascoltato, possa diventare \u201cdicibile\u201d, nel massimo riserbo. Quanto emerge negli incontri resta confinato nella relazione e non verr\u00e0 mai condiviso con terzi, se non per tua esplicita volont\u00e0.<\/p><p><strong>Il desiderio o il dubbio di una diagnosi\u2028<\/strong><br \/>L\u2019analista biografico non parte da una diagnosi, pur essendo informato sui processi di diagnosi psicoanalitica (talvolta utile a suggerire prassi relazionali), non \u00e8 titolato a farlo e soprattutto \u00e8 convinto che nel percorso di analisi biografica sia importante individuare, per lascarla emergere, la propria unicit\u00e0 oltre ogni diagnosi.<\/p><p><strong>Il timore di essere interpretati<\/strong>\u2028<br \/>L\u2019analisi biografica non \u00e8 un lavoro di smascheramento n\u00e9 di diagnosi. L\u2019analista non \u00e8 un detective che possiede verit\u00e0 nascoste da rivelare. Nella stanza di analisi, piuttosto, possono accadere avvenimenti: qualcosa emerge, qualcosa si muove nella relazione, diventano sperimentabili nuovi modi di stare con ci\u00f2 che ha ferito. Quando viene proposta un\u2019interpretazione, non ha valore di verit\u00e0, ma di possibilit\u00e0: ha senso solo se, insieme, risulta utile al processo in corso.<\/p><p><strong>Il sentirsi \u201cproblematici\u201d o senza possibilit\u00e0<\/strong>\u2028<br \/>Entrare in contatto con le parti problematiche della propria storia \u00e8 uno dei principi che guidano l\u2019analisi biografica, mossa da un desiderio di verit\u00e0 e dall\u2019idea che fare unit\u00e0 dentro di s\u00e9 sia un modo per accedere alla propria umanit\u00e0. Nessuno coincide interamente con il proprio problema: non siamo mai solo ci\u00f2 che ci ferisce o ci blocca, siamo sempre anche altro.<\/p><p><strong>La vergogna<\/strong>\u2028<br \/>Pu\u00f2 emergere vergogna nel raccontare sentimenti, azioni o vissuti che giudichi imperdonabili, deboli o sbagliati. \u00c8 parte del lavoro. Un percorso analitico mira proprio a costruire uno spazio in cui anche ci\u00f2 che destabilizza possa trovare posto, senza forzature. Nulla deve essere detto che non si sente di condividere: anche il silenzio, talvolta, \u00e8 parte significativa di ci\u00f2 che accade nella stanza di analisi.<\/p>\t\t\t\t\t\t\t\t<\/div>\n\t\t\t\t<\/div>\n\t\t\t\t<\/div>\n\t\t\t\t<\/div>\n\t\t","protected":false},"excerpt":{"rendered":"<p>Prima di iniziare un percorso analitico possono emergere domande, esitazioni, timori. \u00c8 comprensibile. Questo spazio \u00e8 pensato per accoglierli, senza forzarli, offrendo alcune prime coordinate sul modo in cui si svolge il lavoro analitico. Il timore del giudizio \u2028In un percorso analitico l\u2019analista non emette giudizi, consapevole del fatto che ogni vissuto, ogni paura, ogni [&hellip;]<\/p>\n","protected":false},"author":1,"featured_media":0,"parent":0,"menu_order":0,"comment_status":"closed","ping_status":"closed","template":"","meta":{"footnotes":""},"class_list":["post-297","page","type-page","status-publish","hentry"],"yoast_head":"<!-- This site is optimized with the Yoast SEO plugin v27.1.1 - https:\/\/yoast.com\/product\/yoast-seo-wordpress\/ -->\n<title>sulla soglia - Pietro Coerezza<\/title>\n<meta name=\"robots\" content=\"index, follow, max-snippet:-1, max-image-preview:large, max-video-preview:-1\" \/>\n<link rel=\"canonical\" href=\"https:\/\/pietrocoerezza.it\/?page_id=297\" \/>\n<meta property=\"og:locale\" content=\"it_IT\" \/>\n<meta property=\"og:type\" content=\"article\" \/>\n<meta property=\"og:title\" content=\"sulla soglia - Pietro Coerezza\" \/>\n<meta property=\"og:description\" content=\"Prima di iniziare un percorso analitico possono emergere domande, esitazioni, timori. \u00c8 comprensibile. Questo spazio \u00e8 pensato per accoglierli, senza forzarli, offrendo alcune prime coordinate sul modo in cui si svolge il lavoro analitico. Il timore del giudizio \u2028In un percorso analitico l\u2019analista non emette giudizi, consapevole del fatto che ogni vissuto, ogni paura, ogni [&hellip;]\" \/>\n<meta property=\"og:url\" content=\"https:\/\/pietrocoerezza.it\/?page_id=297\" \/>\n<meta property=\"og:site_name\" content=\"Pietro Coerezza\" \/>\n<meta property=\"article:modified_time\" content=\"2026-03-07T21:46:07+00:00\" \/>\n<meta name=\"twitter:card\" content=\"summary_large_image\" \/>\n<meta name=\"twitter:label1\" content=\"Tempo di lettura stimato\" \/>\n\t<meta name=\"twitter:data1\" content=\"3 minuti\" \/>\n<script type=\"application\/ld+json\" class=\"yoast-schema-graph\">{\"@context\":\"https:\/\/schema.org\",\"@graph\":[{\"@type\":\"WebPage\",\"@id\":\"https:\/\/pietrocoerezza.it\/?page_id=297\",\"url\":\"https:\/\/pietrocoerezza.it\/?page_id=297\",\"name\":\"sulla soglia - Pietro Coerezza\",\"isPartOf\":{\"@id\":\"https:\/\/pietrocoerezza.it\/#website\"},\"datePublished\":\"2026-03-03T16:31:08+00:00\",\"dateModified\":\"2026-03-07T21:46:07+00:00\",\"breadcrumb\":{\"@id\":\"https:\/\/pietrocoerezza.it\/?page_id=297#breadcrumb\"},\"inLanguage\":\"it-IT\",\"potentialAction\":[{\"@type\":\"ReadAction\",\"target\":[\"https:\/\/pietrocoerezza.it\/?page_id=297\"]}]},{\"@type\":\"BreadcrumbList\",\"@id\":\"https:\/\/pietrocoerezza.it\/?page_id=297#breadcrumb\",\"itemListElement\":[{\"@type\":\"ListItem\",\"position\":1,\"name\":\"Home\",\"item\":\"https:\/\/pietrocoerezza.it\/\"},{\"@type\":\"ListItem\",\"position\":2,\"name\":\"sulla soglia\"}]},{\"@type\":\"WebSite\",\"@id\":\"https:\/\/pietrocoerezza.it\/#website\",\"url\":\"https:\/\/pietrocoerezza.it\/\",\"name\":\"Pietro Coerezza\",\"description\":\"Analista Biografico Abof\",\"publisher\":{\"@id\":\"https:\/\/pietrocoerezza.it\/#organization\"},\"potentialAction\":[{\"@type\":\"SearchAction\",\"target\":{\"@type\":\"EntryPoint\",\"urlTemplate\":\"https:\/\/pietrocoerezza.it\/?s={search_term_string}\"},\"query-input\":{\"@type\":\"PropertyValueSpecification\",\"valueRequired\":true,\"valueName\":\"search_term_string\"}}],\"inLanguage\":\"it-IT\"},{\"@type\":\"Organization\",\"@id\":\"https:\/\/pietrocoerezza.it\/#organization\",\"name\":\"Pietro Coerezza\",\"url\":\"https:\/\/pietrocoerezza.it\/\",\"logo\":{\"@type\":\"ImageObject\",\"inLanguage\":\"it-IT\",\"@id\":\"https:\/\/pietrocoerezza.it\/#\/schema\/logo\/image\/\",\"url\":\"https:\/\/pietrocoerezza.it\/wp-content\/uploads\/2026\/03\/Cavalliere-1.png\",\"contentUrl\":\"https:\/\/pietrocoerezza.it\/wp-content\/uploads\/2026\/03\/Cavalliere-1.png\",\"width\":1024,\"height\":1536,\"caption\":\"Pietro Coerezza\"},\"image\":{\"@id\":\"https:\/\/pietrocoerezza.it\/#\/schema\/logo\/image\/\"}}]}<\/script>\n<!-- \/ Yoast SEO plugin. -->","yoast_head_json":{"title":"sulla soglia - Pietro Coerezza","robots":{"index":"index","follow":"follow","max-snippet":"max-snippet:-1","max-image-preview":"max-image-preview:large","max-video-preview":"max-video-preview:-1"},"canonical":"https:\/\/pietrocoerezza.it\/?page_id=297","og_locale":"it_IT","og_type":"article","og_title":"sulla soglia - Pietro Coerezza","og_description":"Prima di iniziare un percorso analitico possono emergere domande, esitazioni, timori. \u00c8 comprensibile. Questo spazio \u00e8 pensato per accoglierli, senza forzarli, offrendo alcune prime coordinate sul modo in cui si svolge il lavoro analitico. Il timore del giudizio \u2028In un percorso analitico l\u2019analista non emette giudizi, consapevole del fatto che ogni vissuto, ogni paura, ogni [&hellip;]","og_url":"https:\/\/pietrocoerezza.it\/?page_id=297","og_site_name":"Pietro Coerezza","article_modified_time":"2026-03-07T21:46:07+00:00","twitter_card":"summary_large_image","twitter_misc":{"Tempo di lettura stimato":"3 minuti"},"schema":{"@context":"https:\/\/schema.org","@graph":[{"@type":"WebPage","@id":"https:\/\/pietrocoerezza.it\/?page_id=297","url":"https:\/\/pietrocoerezza.it\/?page_id=297","name":"sulla soglia - Pietro Coerezza","isPartOf":{"@id":"https:\/\/pietrocoerezza.it\/#website"},"datePublished":"2026-03-03T16:31:08+00:00","dateModified":"2026-03-07T21:46:07+00:00","breadcrumb":{"@id":"https:\/\/pietrocoerezza.it\/?page_id=297#breadcrumb"},"inLanguage":"it-IT","potentialAction":[{"@type":"ReadAction","target":["https:\/\/pietrocoerezza.it\/?page_id=297"]}]},{"@type":"BreadcrumbList","@id":"https:\/\/pietrocoerezza.it\/?page_id=297#breadcrumb","itemListElement":[{"@type":"ListItem","position":1,"name":"Home","item":"https:\/\/pietrocoerezza.it\/"},{"@type":"ListItem","position":2,"name":"sulla soglia"}]},{"@type":"WebSite","@id":"https:\/\/pietrocoerezza.it\/#website","url":"https:\/\/pietrocoerezza.it\/","name":"Pietro Coerezza","description":"Analista Biografico Abof","publisher":{"@id":"https:\/\/pietrocoerezza.it\/#organization"},"potentialAction":[{"@type":"SearchAction","target":{"@type":"EntryPoint","urlTemplate":"https:\/\/pietrocoerezza.it\/?s={search_term_string}"},"query-input":{"@type":"PropertyValueSpecification","valueRequired":true,"valueName":"search_term_string"}}],"inLanguage":"it-IT"},{"@type":"Organization","@id":"https:\/\/pietrocoerezza.it\/#organization","name":"Pietro Coerezza","url":"https:\/\/pietrocoerezza.it\/","logo":{"@type":"ImageObject","inLanguage":"it-IT","@id":"https:\/\/pietrocoerezza.it\/#\/schema\/logo\/image\/","url":"https:\/\/pietrocoerezza.it\/wp-content\/uploads\/2026\/03\/Cavalliere-1.png","contentUrl":"https:\/\/pietrocoerezza.it\/wp-content\/uploads\/2026\/03\/Cavalliere-1.png","width":1024,"height":1536,"caption":"Pietro Coerezza"},"image":{"@id":"https:\/\/pietrocoerezza.it\/#\/schema\/logo\/image\/"}}]}},"_links":{"self":[{"href":"https:\/\/pietrocoerezza.it\/index.php?rest_route=\/wp\/v2\/pages\/297","targetHints":{"allow":["GET"]}}],"collection":[{"href":"https:\/\/pietrocoerezza.it\/index.php?rest_route=\/wp\/v2\/pages"}],"about":[{"href":"https:\/\/pietrocoerezza.it\/index.php?rest_route=\/wp\/v2\/types\/page"}],"author":[{"embeddable":true,"href":"https:\/\/pietrocoerezza.it\/index.php?rest_route=\/wp\/v2\/users\/1"}],"replies":[{"embeddable":true,"href":"https:\/\/pietrocoerezza.it\/index.php?rest_route=%2Fwp%2Fv2%2Fcomments&post=297"}],"version-history":[{"count":34,"href":"https:\/\/pietrocoerezza.it\/index.php?rest_route=\/wp\/v2\/pages\/297\/revisions"}],"predecessor-version":[{"id":1154,"href":"https:\/\/pietrocoerezza.it\/index.php?rest_route=\/wp\/v2\/pages\/297\/revisions\/1154"}],"wp:attachment":[{"href":"https:\/\/pietrocoerezza.it\/index.php?rest_route=%2Fwp%2Fv2%2Fmedia&parent=297"}],"curies":[{"name":"wp","href":"https:\/\/api.w.org\/{rel}","templated":true}]}}