{"id":299,"date":"2026-03-03T16:30:58","date_gmt":"2026-03-03T16:30:58","guid":{"rendered":"https:\/\/pietrocoerezza.it\/?page_id=299"},"modified":"2026-03-07T18:16:54","modified_gmt":"2026-03-07T18:16:54","slug":"il-percorso-di-analisi","status":"publish","type":"page","link":"https:\/\/pietrocoerezza.it\/?page_id=299","title":{"rendered":"il percorso di analisi"},"content":{"rendered":"\t\t<div data-elementor-type=\"wp-post\" data-elementor-id=\"299\" class=\"elementor elementor-299\" data-elementor-post-type=\"page\">\n\t\t\t\t<div class=\"elementor-element elementor-element-72508d15 e-con-full e-flex e-con e-parent\" data-id=\"72508d15\" data-element_type=\"container\" data-e-type=\"container\" data-settings=\"{&quot;background_background&quot;:&quot;classic&quot;}\">\n\t\t<div class=\"elementor-element elementor-element-146a723e e-con-full e-flex e-con e-child\" data-id=\"146a723e\" data-element_type=\"container\" data-e-type=\"container\">\n\t\t\t\t<div class=\"elementor-element elementor-element-6cb000c1 elementor-invisible elementor-widget elementor-widget-heading\" data-id=\"6cb000c1\" data-element_type=\"widget\" data-e-type=\"widget\" data-settings=\"{&quot;_animation&quot;:&quot;fadeIn&quot;}\" data-widget_type=\"heading.default\">\n\t\t\t\t\t<h1 class=\"elementor-heading-title elementor-size-default\">Un percorso di cura e analisi esplorando  dimensioni inconsce e domande di senso\n\n<\/h1>\t\t\t\t<\/div>\n\t\t\t\t<div class=\"elementor-element elementor-element-98a90c0 elementor-widget elementor-widget-text-editor\" data-id=\"98a90c0\" data-element_type=\"widget\" data-e-type=\"widget\" data-widget_type=\"text-editor.default\">\n\t\t\t\t\t\t\t\t\t<p>L\u2019analisi biografica a orientamento filosofico \u00e8 un percorso di cura di s\u00e9 che prende forma nel tempo, attraverso la relazione analitica, l\u2019ascolto e l\u2019attenzione alla propria storia di vita, ai vissuti presenti e alle domande di senso che attraversano l\u2019esistenza.<\/p>\t\t\t\t\t\t\t\t<\/div>\n\t\t\t\t<\/div>\n\t\t\t\t<\/div>\n\t\t<div class=\"elementor-element elementor-element-215de9e e-con-full e-flex e-con e-parent\" data-id=\"215de9e\" data-element_type=\"container\" data-e-type=\"container\" data-settings=\"{&quot;background_background&quot;:&quot;classic&quot;}\">\n\t\t<div class=\"elementor-element elementor-element-86c582a e-con-full e-flex e-con e-child\" data-id=\"86c582a\" data-element_type=\"container\" data-e-type=\"container\">\n\t\t\t\t<div class=\"elementor-element elementor-element-b945294 elementor-widget elementor-widget-image\" data-id=\"b945294\" data-element_type=\"widget\" data-e-type=\"widget\" data-widget_type=\"image.default\">\n\t\t\t\t\t\t\t\t\t\t\t\t\t\t\t<img fetchpriority=\"high\" decoding=\"async\" width=\"300\" height=\"297\" src=\"https:\/\/pietrocoerezza.it\/wp-content\/uploads\/2026\/03\/MARGINE-PICCOLO-1-300x297.png\" class=\"attachment-medium size-medium wp-image-484\" alt=\"\" srcset=\"https:\/\/pietrocoerezza.it\/wp-content\/uploads\/2026\/03\/MARGINE-PICCOLO-1-300x297.png 300w, https:\/\/pietrocoerezza.it\/wp-content\/uploads\/2026\/03\/MARGINE-PICCOLO-1-1024x1015.png 1024w, https:\/\/pietrocoerezza.it\/wp-content\/uploads\/2026\/03\/MARGINE-PICCOLO-1-150x150.png 150w, https:\/\/pietrocoerezza.it\/wp-content\/uploads\/2026\/03\/MARGINE-PICCOLO-1-768x761.png 768w, https:\/\/pietrocoerezza.it\/wp-content\/uploads\/2026\/03\/elementor\/thumbs\/MARGINE-PICCOLO-1-rk0jaghmeps8i8cu1usu4zi0bzkhuuqx6fl6w71x48.png 100w, https:\/\/pietrocoerezza.it\/wp-content\/uploads\/2026\/03\/MARGINE-PICCOLO-1.png 1355w\" sizes=\"(max-width: 300px) 100vw, 300px\" \/>\t\t\t\t\t\t\t\t\t\t\t\t\t\t\t<\/div>\n\t\t\t\t<\/div>\n\t\t<div class=\"elementor-element elementor-element-2830b45 e-con-full e-flex e-con e-child\" data-id=\"2830b45\" data-element_type=\"container\" data-e-type=\"container\">\n\t\t\t\t<div class=\"elementor-element elementor-element-15c7788 elementor-invisible elementor-widget elementor-widget-heading\" data-id=\"15c7788\" data-element_type=\"widget\" data-e-type=\"widget\" data-settings=\"{&quot;_animation&quot;:&quot;fadeIn&quot;}\" data-widget_type=\"heading.default\">\n\t\t\t\t\t<h1 class=\"elementor-heading-title elementor-size-default\">Che cosa \u00e8 l\u2019Analisi Biografica a Orientamento Filosofico<\/h1>\t\t\t\t<\/div>\n\t\t\t\t<div class=\"elementor-element elementor-element-7d19f39 elementor-widget elementor-widget-text-editor\" data-id=\"7d19f39\" data-element_type=\"widget\" data-e-type=\"widget\" data-widget_type=\"text-editor.default\">\n\t\t\t\t\t\t\t\t\t<p class=\"p1\">\u00c8 un percorso di cura di s\u00e9, una cura analitica ed esistenziale delle nostre dimensioni umane secondo un metodo interdisciplinare che integra una pluralit\u00e0 di sguardi, pratiche e prospettive teoriche: l\u2019attenzione alla nostra biografia, l\u2019attenzione alle dimensioni inconsce e ai nostri sogni, alle nostre difese, ai messaggi che il corpo e la psiche ci invia, l\u2019attenzione alla dimensione corporea, personale, sociale, relazionale, l\u2019attenzione anche alle nostre idee valori e visioni del mondo, perch\u00e9 come esseri umani siamo un tutto integrato e in relazione.<\/p><p class=\"p1\">Un percorso che aiuta a comprendere le nostre emozioni profonde e ad esplorare le dimensioni che la vita ci ha spinto a lasciare in ombra.<\/p>\t\t\t\t\t\t\t\t<\/div>\n\t\t\t\t<\/div>\n\t\t\t\t<\/div>\n\t\t<div class=\"elementor-element elementor-element-6858aced e-con-full e-flex e-con e-parent\" data-id=\"6858aced\" data-element_type=\"container\" data-e-type=\"container\" data-settings=\"{&quot;background_background&quot;:&quot;classic&quot;}\">\n\t\t<div class=\"elementor-element elementor-element-5d8e3664 e-con-full e-flex e-con e-child\" data-id=\"5d8e3664\" data-element_type=\"container\" data-e-type=\"container\" data-settings=\"{&quot;background_background&quot;:&quot;classic&quot;}\">\n\t\t\t\t<div class=\"elementor-element elementor-element-0ff47e9 elementor-invisible elementor-widget elementor-widget-heading\" data-id=\"0ff47e9\" data-element_type=\"widget\" data-e-type=\"widget\" data-settings=\"{&quot;_animation&quot;:&quot;fadeIn&quot;}\" data-widget_type=\"heading.default\">\n\t\t\t\t\t<h1 class=\"elementor-heading-title elementor-size-default\">Come funziona un percorso fatto insieme?<\/h1>\t\t\t\t<\/div>\n\t\t\t\t<div class=\"elementor-element elementor-element-2196a82 elementor-widget elementor-widget-text-editor\" data-id=\"2196a82\" data-element_type=\"widget\" data-e-type=\"widget\" data-widget_type=\"text-editor.default\">\n\t\t\t\t\t\t\t\t\t<p class=\"p1\">Uno o pi\u00f9 incontri conoscitivi: per esplorare le tue aspettative, ascoltare quel che vorresti dal percorso, capire se un percorso di analisi insieme pu\u00f2 esserti utile, capire come ti senti nella situazione analitica con me, che sensazioni hai.<\/p><p class=\"p1\">La definizione condivisa del percorso incluse alcune attenzioni pratiche e ideali.<\/p><p class=\"p1\">Incontri il pi\u00f9 possibile regolari (di persona o in caso di necessit\u00e0 online), la cui frequenza verr\u00e0 stabilita insieme.<\/p><p class=\"p1\">Esploreremo i pensieri, i vissuti, i sogni e le emozioni che emergeranno durante i nostri incontri cercando di costruire un clima di fiducia in quel che la relazione analitica pu\u00f2 portare.<\/p><p class=\"p1\">Il ritmo e la durata dipendono dalle tue esigenze e dalle possibilit\u00e0 concrete.<\/p>\t\t\t\t\t\t\t\t<\/div>\n\t\t\t\t<\/div>\n\t\t\t\t<div class=\"elementor-element elementor-element-27dc8b04 elementor-widget__width-initial elementor-widget-tablet__width-inherit elementor-hidden-tablet elementor-hidden-mobile elementor-widget elementor-widget-image\" data-id=\"27dc8b04\" data-element_type=\"widget\" data-e-type=\"widget\" data-widget_type=\"image.default\">\n\t\t\t\t\t\t\t\t\t\t\t\t\t\t\t<img decoding=\"async\" src=\"https:\/\/pietrocoerezza.it\/wp-content\/uploads\/2026\/03\/carnival-evening.jpg\" title=\"carnival-evening\" alt=\"carnival-evening\" loading=\"lazy\" \/>\t\t\t\t\t\t\t\t\t\t\t\t\t\t\t<\/div>\n\t\t\t\t<\/div>\n\t\t<div class=\"elementor-element elementor-element-0e68db3 e-con-full e-flex e-con e-parent\" data-id=\"0e68db3\" data-element_type=\"container\" data-e-type=\"container\" data-settings=\"{&quot;background_background&quot;:&quot;classic&quot;}\">\n\t\t<div class=\"elementor-element elementor-element-d85c282 e-con-full e-flex e-con e-child\" data-id=\"d85c282\" data-element_type=\"container\" data-e-type=\"container\">\n\t\t\t\t<div class=\"elementor-element elementor-element-b92028e elementor-invisible elementor-widget elementor-widget-heading\" data-id=\"b92028e\" data-element_type=\"widget\" data-e-type=\"widget\" data-settings=\"{&quot;_animation&quot;:&quot;fadeIn&quot;}\" data-widget_type=\"heading.default\">\n\t\t\t\t\t<h2 class=\"elementor-heading-title elementor-size-default\">Alcuni punti chiave del metodo<\/h2>\t\t\t\t<\/div>\n\t\t\t\t<div class=\"elementor-element elementor-element-290f272 elementor-widget elementor-widget-text-editor\" data-id=\"290f272\" data-element_type=\"widget\" data-e-type=\"widget\" data-widget_type=\"text-editor.default\">\n\t\t\t\t\t\t\t\t\t<p class=\"p1\">L\u2019ascolto e la centralit\u00e0 della relazione tra te e l\u2019analista.<\/p><p class=\"p1\">L\u2019attenzione alla storia della tua vita: alla vita famigliare, al mondo in cui sei cresciuto, al contesto sociale e culturale, agli incontri che hai fatto e che ti hanno costituito, ma anche, allo stesso modo, alla tua vita oggi.<\/p><p class=\"p1\">L\u2019attenzione alle dimensioni inconsce che ci abitano: esplorando le dimensioni simboliche, ascoltando i sogni, indagando le difese che emergono da quel che pensiamo, sentiamo, da come ci relazioniamo, dando voce alle fantasie, prendendo coscienza delle modalit\u00e0 con cui costruisci le tue relazioni inclusa quella con l\u2019analista.<\/p><p class=\"p1\">La ricerca del senso che senti ti possa appartenere, di una direzione che ti possa guidare nelle scelte e nella vita quotidiana (orientamento filosofico fa riferimento a questo).<\/p><p class=\"p1\">L\u2019attenzione ai sintomi (fisici e psichici) esplorati come segni, come messaggi che una parte di te ti sta mandando, una parte da ascoltare e a cui dare voce.<\/p><p class=\"p1\">L\u2019attenzione rivolta alla valorizzazione della parte \u201csana\u201d di te, e non alla cura in senso stretto di una psicopatologia, nella consapevolezza che la dimensione \u201cpatologica\u201d abita l\u2019uomo e il vivere e che la vita stessa necessita di cura.<\/p><p class=\"p1\">La centralit\u00e0 della dimensione trascendente: la nostra vita \u00e8 sempre anche abitata da altro: dagli altri, da quel che non controlliamo, dal desiderio che ci abita, dal mistero. Incontrare e nutrire la nostra dimensione pi\u00f9 profondamente umana vuol dire alimentare questa dimensione.<\/p>\t\t\t\t\t\t\t\t<\/div>\n\t\t\t\t<\/div>\n\t\t\t\t<\/div>\n\t\t\t\t<\/div>\n\t\t","protected":false},"excerpt":{"rendered":"<p>Un percorso di cura e analisi esplorando dimensioni inconsce e domande di senso L\u2019analisi biografica a orientamento filosofico \u00e8 un percorso di cura di s\u00e9 che prende forma nel tempo, attraverso la relazione analitica, l\u2019ascolto e l\u2019attenzione alla propria storia di vita, ai vissuti presenti e alle domande di senso che attraversano l\u2019esistenza. Che cosa [&hellip;]<\/p>\n","protected":false},"author":1,"featured_media":0,"parent":0,"menu_order":0,"comment_status":"closed","ping_status":"closed","template":"","meta":{"footnotes":""},"class_list":["post-299","page","type-page","status-publish","hentry"],"yoast_head":"<!-- This site is optimized with the Yoast SEO plugin v27.1.1 - https:\/\/yoast.com\/product\/yoast-seo-wordpress\/ -->\n<title>il percorso di analisi - Pietro Coerezza<\/title>\n<meta name=\"robots\" content=\"index, follow, max-snippet:-1, max-image-preview:large, max-video-preview:-1\" \/>\n<link rel=\"canonical\" href=\"https:\/\/pietrocoerezza.it\/?page_id=299\" \/>\n<meta property=\"og:locale\" content=\"it_IT\" \/>\n<meta property=\"og:type\" content=\"article\" \/>\n<meta property=\"og:title\" content=\"il percorso di analisi - Pietro Coerezza\" \/>\n<meta property=\"og:description\" content=\"Un percorso di cura e analisi esplorando dimensioni inconsce e domande di senso L\u2019analisi biografica a orientamento filosofico \u00e8 un percorso di cura di s\u00e9 che prende forma nel tempo, attraverso la relazione analitica, l\u2019ascolto e l\u2019attenzione alla propria storia di vita, ai vissuti presenti e alle domande di senso che attraversano l\u2019esistenza. Che cosa [&hellip;]\" \/>\n<meta property=\"og:url\" content=\"https:\/\/pietrocoerezza.it\/?page_id=299\" \/>\n<meta property=\"og:site_name\" content=\"Pietro Coerezza\" \/>\n<meta property=\"article:modified_time\" content=\"2026-03-07T18:16:54+00:00\" \/>\n<meta property=\"og:image\" content=\"https:\/\/pietrocoerezza.it\/wp-content\/uploads\/2026\/03\/MARGINE-PICCOLO-1.png\" \/>\n\t<meta property=\"og:image:width\" content=\"1355\" \/>\n\t<meta property=\"og:image:height\" content=\"1343\" \/>\n\t<meta property=\"og:image:type\" content=\"image\/png\" \/>\n<meta name=\"twitter:card\" content=\"summary_large_image\" \/>\n<meta name=\"twitter:label1\" content=\"Tempo di lettura stimato\" \/>\n\t<meta name=\"twitter:data1\" content=\"3 minuti\" \/>\n<script type=\"application\/ld+json\" class=\"yoast-schema-graph\">{\"@context\":\"https:\/\/schema.org\",\"@graph\":[{\"@type\":\"WebPage\",\"@id\":\"https:\/\/pietrocoerezza.it\/?page_id=299\",\"url\":\"https:\/\/pietrocoerezza.it\/?page_id=299\",\"name\":\"il percorso di analisi - Pietro Coerezza\",\"isPartOf\":{\"@id\":\"https:\/\/pietrocoerezza.it\/#website\"},\"primaryImageOfPage\":{\"@id\":\"https:\/\/pietrocoerezza.it\/?page_id=299#primaryimage\"},\"image\":{\"@id\":\"https:\/\/pietrocoerezza.it\/?page_id=299#primaryimage\"},\"thumbnailUrl\":\"https:\/\/pietrocoerezza.it\/wp-content\/uploads\/2026\/03\/MARGINE-PICCOLO-1-300x297.png\",\"datePublished\":\"2026-03-03T16:30:58+00:00\",\"dateModified\":\"2026-03-07T18:16:54+00:00\",\"breadcrumb\":{\"@id\":\"https:\/\/pietrocoerezza.it\/?page_id=299#breadcrumb\"},\"inLanguage\":\"it-IT\",\"potentialAction\":[{\"@type\":\"ReadAction\",\"target\":[\"https:\/\/pietrocoerezza.it\/?page_id=299\"]}]},{\"@type\":\"ImageObject\",\"inLanguage\":\"it-IT\",\"@id\":\"https:\/\/pietrocoerezza.it\/?page_id=299#primaryimage\",\"url\":\"https:\/\/pietrocoerezza.it\/wp-content\/uploads\/2026\/03\/MARGINE-PICCOLO-1.png\",\"contentUrl\":\"https:\/\/pietrocoerezza.it\/wp-content\/uploads\/2026\/03\/MARGINE-PICCOLO-1.png\",\"width\":1355,\"height\":1343},{\"@type\":\"BreadcrumbList\",\"@id\":\"https:\/\/pietrocoerezza.it\/?page_id=299#breadcrumb\",\"itemListElement\":[{\"@type\":\"ListItem\",\"position\":1,\"name\":\"Home\",\"item\":\"https:\/\/pietrocoerezza.it\/\"},{\"@type\":\"ListItem\",\"position\":2,\"name\":\"il percorso di analisi\"}]},{\"@type\":\"WebSite\",\"@id\":\"https:\/\/pietrocoerezza.it\/#website\",\"url\":\"https:\/\/pietrocoerezza.it\/\",\"name\":\"Pietro Coerezza\",\"description\":\"Analista Biografico Abof\",\"publisher\":{\"@id\":\"https:\/\/pietrocoerezza.it\/#organization\"},\"potentialAction\":[{\"@type\":\"SearchAction\",\"target\":{\"@type\":\"EntryPoint\",\"urlTemplate\":\"https:\/\/pietrocoerezza.it\/?s={search_term_string}\"},\"query-input\":{\"@type\":\"PropertyValueSpecification\",\"valueRequired\":true,\"valueName\":\"search_term_string\"}}],\"inLanguage\":\"it-IT\"},{\"@type\":\"Organization\",\"@id\":\"https:\/\/pietrocoerezza.it\/#organization\",\"name\":\"Pietro Coerezza\",\"url\":\"https:\/\/pietrocoerezza.it\/\",\"logo\":{\"@type\":\"ImageObject\",\"inLanguage\":\"it-IT\",\"@id\":\"https:\/\/pietrocoerezza.it\/#\/schema\/logo\/image\/\",\"url\":\"https:\/\/pietrocoerezza.it\/wp-content\/uploads\/2026\/03\/Cavalliere-1.png\",\"contentUrl\":\"https:\/\/pietrocoerezza.it\/wp-content\/uploads\/2026\/03\/Cavalliere-1.png\",\"width\":1024,\"height\":1536,\"caption\":\"Pietro Coerezza\"},\"image\":{\"@id\":\"https:\/\/pietrocoerezza.it\/#\/schema\/logo\/image\/\"}}]}<\/script>\n<!-- \/ Yoast SEO plugin. -->","yoast_head_json":{"title":"il percorso di analisi - Pietro Coerezza","robots":{"index":"index","follow":"follow","max-snippet":"max-snippet:-1","max-image-preview":"max-image-preview:large","max-video-preview":"max-video-preview:-1"},"canonical":"https:\/\/pietrocoerezza.it\/?page_id=299","og_locale":"it_IT","og_type":"article","og_title":"il percorso di analisi - Pietro Coerezza","og_description":"Un percorso di cura e analisi esplorando dimensioni inconsce e domande di senso L\u2019analisi biografica a orientamento filosofico \u00e8 un percorso di cura di s\u00e9 che prende forma nel tempo, attraverso la relazione analitica, l\u2019ascolto e l\u2019attenzione alla propria storia di vita, ai vissuti presenti e alle domande di senso che attraversano l\u2019esistenza. Che cosa [&hellip;]","og_url":"https:\/\/pietrocoerezza.it\/?page_id=299","og_site_name":"Pietro Coerezza","article_modified_time":"2026-03-07T18:16:54+00:00","og_image":[{"width":1355,"height":1343,"url":"https:\/\/pietrocoerezza.it\/wp-content\/uploads\/2026\/03\/MARGINE-PICCOLO-1.png","type":"image\/png"}],"twitter_card":"summary_large_image","twitter_misc":{"Tempo di lettura stimato":"3 minuti"},"schema":{"@context":"https:\/\/schema.org","@graph":[{"@type":"WebPage","@id":"https:\/\/pietrocoerezza.it\/?page_id=299","url":"https:\/\/pietrocoerezza.it\/?page_id=299","name":"il percorso di analisi - Pietro Coerezza","isPartOf":{"@id":"https:\/\/pietrocoerezza.it\/#website"},"primaryImageOfPage":{"@id":"https:\/\/pietrocoerezza.it\/?page_id=299#primaryimage"},"image":{"@id":"https:\/\/pietrocoerezza.it\/?page_id=299#primaryimage"},"thumbnailUrl":"https:\/\/pietrocoerezza.it\/wp-content\/uploads\/2026\/03\/MARGINE-PICCOLO-1-300x297.png","datePublished":"2026-03-03T16:30:58+00:00","dateModified":"2026-03-07T18:16:54+00:00","breadcrumb":{"@id":"https:\/\/pietrocoerezza.it\/?page_id=299#breadcrumb"},"inLanguage":"it-IT","potentialAction":[{"@type":"ReadAction","target":["https:\/\/pietrocoerezza.it\/?page_id=299"]}]},{"@type":"ImageObject","inLanguage":"it-IT","@id":"https:\/\/pietrocoerezza.it\/?page_id=299#primaryimage","url":"https:\/\/pietrocoerezza.it\/wp-content\/uploads\/2026\/03\/MARGINE-PICCOLO-1.png","contentUrl":"https:\/\/pietrocoerezza.it\/wp-content\/uploads\/2026\/03\/MARGINE-PICCOLO-1.png","width":1355,"height":1343},{"@type":"BreadcrumbList","@id":"https:\/\/pietrocoerezza.it\/?page_id=299#breadcrumb","itemListElement":[{"@type":"ListItem","position":1,"name":"Home","item":"https:\/\/pietrocoerezza.it\/"},{"@type":"ListItem","position":2,"name":"il percorso di analisi"}]},{"@type":"WebSite","@id":"https:\/\/pietrocoerezza.it\/#website","url":"https:\/\/pietrocoerezza.it\/","name":"Pietro Coerezza","description":"Analista Biografico Abof","publisher":{"@id":"https:\/\/pietrocoerezza.it\/#organization"},"potentialAction":[{"@type":"SearchAction","target":{"@type":"EntryPoint","urlTemplate":"https:\/\/pietrocoerezza.it\/?s={search_term_string}"},"query-input":{"@type":"PropertyValueSpecification","valueRequired":true,"valueName":"search_term_string"}}],"inLanguage":"it-IT"},{"@type":"Organization","@id":"https:\/\/pietrocoerezza.it\/#organization","name":"Pietro Coerezza","url":"https:\/\/pietrocoerezza.it\/","logo":{"@type":"ImageObject","inLanguage":"it-IT","@id":"https:\/\/pietrocoerezza.it\/#\/schema\/logo\/image\/","url":"https:\/\/pietrocoerezza.it\/wp-content\/uploads\/2026\/03\/Cavalliere-1.png","contentUrl":"https:\/\/pietrocoerezza.it\/wp-content\/uploads\/2026\/03\/Cavalliere-1.png","width":1024,"height":1536,"caption":"Pietro Coerezza"},"image":{"@id":"https:\/\/pietrocoerezza.it\/#\/schema\/logo\/image\/"}}]}},"_links":{"self":[{"href":"https:\/\/pietrocoerezza.it\/index.php?rest_route=\/wp\/v2\/pages\/299","targetHints":{"allow":["GET"]}}],"collection":[{"href":"https:\/\/pietrocoerezza.it\/index.php?rest_route=\/wp\/v2\/pages"}],"about":[{"href":"https:\/\/pietrocoerezza.it\/index.php?rest_route=\/wp\/v2\/types\/page"}],"author":[{"embeddable":true,"href":"https:\/\/pietrocoerezza.it\/index.php?rest_route=\/wp\/v2\/users\/1"}],"replies":[{"embeddable":true,"href":"https:\/\/pietrocoerezza.it\/index.php?rest_route=%2Fwp%2Fv2%2Fcomments&post=299"}],"version-history":[{"count":196,"href":"https:\/\/pietrocoerezza.it\/index.php?rest_route=\/wp\/v2\/pages\/299\/revisions"}],"predecessor-version":[{"id":1084,"href":"https:\/\/pietrocoerezza.it\/index.php?rest_route=\/wp\/v2\/pages\/299\/revisions\/1084"}],"wp:attachment":[{"href":"https:\/\/pietrocoerezza.it\/index.php?rest_route=%2Fwp%2Fv2%2Fmedia&parent=299"}],"curies":[{"name":"wp","href":"https:\/\/api.w.org\/{rel}","templated":true}]}}