{"id":301,"date":"2026-03-03T16:30:46","date_gmt":"2026-03-03T16:30:46","guid":{"rendered":"https:\/\/pietrocoerezza.it\/?page_id=301"},"modified":"2026-03-07T21:50:57","modified_gmt":"2026-03-07T21:50:57","slug":"chi-sono","status":"publish","type":"page","link":"https:\/\/pietrocoerezza.it\/?page_id=301","title":{"rendered":"chi sono"},"content":{"rendered":"\t\t<div data-elementor-type=\"wp-post\" data-elementor-id=\"301\" class=\"elementor elementor-301\" data-elementor-post-type=\"page\">\n\t\t\t\t<div class=\"elementor-element elementor-element-8d6e3cc e-con-full elementor-hidden-mobile e-flex e-con e-parent\" data-id=\"8d6e3cc\" data-element_type=\"container\" data-e-type=\"container\" data-settings=\"{&quot;background_background&quot;:&quot;classic&quot;}\">\n\t\t<div class=\"elementor-element elementor-element-123cf9f e-con-full e-flex e-con e-child\" data-id=\"123cf9f\" data-element_type=\"container\" data-e-type=\"container\">\n\t\t\t\t<div class=\"elementor-element elementor-element-64ae4a3 elementor-invisible elementor-widget elementor-widget-heading\" data-id=\"64ae4a3\" data-element_type=\"widget\" data-e-type=\"widget\" data-settings=\"{&quot;_animation&quot;:&quot;fadeIn&quot;}\" data-widget_type=\"heading.default\">\n\t\t\t\t\t<h2 class=\"elementor-heading-title elementor-size-default\">Profilo<\/h2>\t\t\t\t<\/div>\n\t\t\t\t<div class=\"elementor-element elementor-element-c0ddace elementor-widget elementor-widget-text-editor\" data-id=\"c0ddace\" data-element_type=\"widget\" data-e-type=\"widget\" data-widget_type=\"text-editor.default\">\n\t\t\t\t\t\t\t\t\t<p class=\"p1\">Analista Biografico a Orientamento Filosofico (if), ho frequentato il corso di specializzazione superiore in <span style=\"text-decoration: underline;\"><a href=\"https:\/\/www.scuolaphilo.it\/cos-e-abof\/\">Abof della scuola Philo<\/a><\/span> a Milano.<br \/>Lavoro come analista biografico, formatore e come consulente per la comunicazione e la scrittura (laureato in Scienze della Formazione con una tesi in filosofia contemporanea e successivamente diplomato al master della scuola Holden di Torino).<br \/>Alla mia attivit\u00e0 di analista affianco percorsi di formazione esperienziale di taglio biografico lavorando con gruppi in situazioni laboratoriali, residenziali e \u201citineranti\u201d.<\/p><p class=\"p1\">Nel mio lavoro cerco di integrare l\u2019analisi biografica alle competenze in ambito formativo e alla passione per la scrittura e le dimensioni espressive.<br \/>Faccio parte del consiglio di amministrazione di una cooperativa sociale e sono socio fondatore di una societ\u00e0 che si occupa di comunicazione in ambito digitale.<\/p><p class=\"p1\">La passione per l\u2019ambiente naturale, l\u2019arte in qualsiasi forma, la fiducia nella dimensione spirituale e umana che attraversa l\u2019esistenza di ciascuno e la dimensione misteriosa della vita, connotano il mio modo di pensare e praticare l\u2019analisi e, con i limiti delle mie possibilit\u00e0, il mio modo di vivere.<\/p>\t\t\t\t\t\t\t\t<\/div>\n\t\t\t\t<\/div>\n\t\t\t\t<\/div>\n\t\t<div class=\"elementor-element elementor-element-cf1db0b e-con-full elementor-hidden-desktop elementor-hidden-tablet e-flex e-con e-parent\" data-id=\"cf1db0b\" data-element_type=\"container\" data-e-type=\"container\" data-settings=\"{&quot;background_background&quot;:&quot;classic&quot;}\">\n\t\t<div class=\"elementor-element elementor-element-5344651 e-con-full e-flex e-con e-child\" data-id=\"5344651\" data-element_type=\"container\" data-e-type=\"container\" data-settings=\"{&quot;background_background&quot;:&quot;classic&quot;}\">\n\t\t\t\t<div class=\"elementor-element elementor-element-0f44ed2 elementor-invisible elementor-widget elementor-widget-heading\" data-id=\"0f44ed2\" data-element_type=\"widget\" data-e-type=\"widget\" data-settings=\"{&quot;_animation&quot;:&quot;fadeIn&quot;}\" data-widget_type=\"heading.default\">\n\t\t\t\t\t<h1 class=\"elementor-heading-title elementor-size-default\">Profilo<\/h1>\t\t\t\t<\/div>\n\t\t\t\t<div class=\"elementor-element elementor-element-c89ff15 elementor-widget elementor-widget-text-editor\" data-id=\"c89ff15\" data-element_type=\"widget\" data-e-type=\"widget\" data-widget_type=\"text-editor.default\">\n\t\t\t\t\t\t\t\t\t<p class=\"p1\">Analista Biografico a Orientamento Filosofico, ho frequentato corso di specializzazione superiore in <span style=\"text-decoration: underline;\"><a href=\"https:\/\/www.scuolaphilo.it\/cos-e-abof\/\">Abof della scuola Philo<\/a><\/span> a Milano.<br \/>Lavoro come analista ma anche come formatore e come consulente per la comunicazione e la scrittura (laureato in Scienze della Formazione con una tesi in filosofia contemporanea e successivamente diplomato al master della scuola Holden di Torino).<br \/>Alla mia attivit\u00e0 di analista con singoli analizzanti affianco percorsi di formazione esperienziale di taglio biografico lavorando con gruppi in situazioni laboratoriali, residenziali e \u201citineranti\u201d.<\/p><p class=\"p1\">Nel mio lavoro cerco di integrare l\u2019analisi biografica alle competenze in ambito formativo e alla passione per la scrittura e le dimensioni espressive.<br \/>Faccio parte del consiglio di amministrazione di Vedogivoane, cooperativa di animazione sociale e sono socio fondatore di una societ\u00e0 che si occupa di comunicazione in ambito digitale.<\/p><p class=\"p1\">La passione per l\u2019ambiente naturale, l\u2019arte in qualsiasi forma, la fiducia nella dimensione spirituale e umana che attraversa l\u2019esistenza di ciascuno e la dimensione misteriosa della vita, connotano il mio modo di pensare e praticare l\u2019analisi e, con i limiti delle mie possibilit\u00e0, il mio modo di vivere.<\/p>\t\t\t\t\t\t\t\t<\/div>\n\t\t\t\t<div class=\"elementor-element elementor-element-eff997d elementor-widget elementor-widget-image\" data-id=\"eff997d\" data-element_type=\"widget\" data-e-type=\"widget\" data-widget_type=\"image.default\">\n\t\t\t\t\t\t\t\t\t\t\t\t\t\t\t<img fetchpriority=\"high\" decoding=\"async\" width=\"800\" height=\"958\" src=\"https:\/\/pietrocoerezza.it\/wp-content\/uploads\/2026\/03\/Screenshot-2026-03-05-alle-08.54.25-855x1024.png\" class=\"attachment-large size-large wp-image-957\" alt=\"\" srcset=\"https:\/\/pietrocoerezza.it\/wp-content\/uploads\/2026\/03\/Screenshot-2026-03-05-alle-08.54.25-855x1024.png 855w, https:\/\/pietrocoerezza.it\/wp-content\/uploads\/2026\/03\/Screenshot-2026-03-05-alle-08.54.25-251x300.png 251w, https:\/\/pietrocoerezza.it\/wp-content\/uploads\/2026\/03\/Screenshot-2026-03-05-alle-08.54.25-768x920.png 768w, https:\/\/pietrocoerezza.it\/wp-content\/uploads\/2026\/03\/Screenshot-2026-03-05-alle-08.54.25-1283x1536.png 1283w, https:\/\/pietrocoerezza.it\/wp-content\/uploads\/2026\/03\/Screenshot-2026-03-05-alle-08.54.25.png 1306w\" sizes=\"(max-width: 800px) 100vw, 800px\" \/>\t\t\t\t\t\t\t\t\t\t\t\t\t\t\t<\/div>\n\t\t\t\t<\/div>\n\t\t\t\t<\/div>\n\t\t<div class=\"elementor-element elementor-element-e1b95f4 e-con-full e-flex e-con e-parent\" data-id=\"e1b95f4\" data-element_type=\"container\" data-e-type=\"container\" data-settings=\"{&quot;background_background&quot;:&quot;classic&quot;}\">\n\t\t<div class=\"elementor-element elementor-element-84f25e5 e-con-full e-flex e-con e-child\" data-id=\"84f25e5\" data-element_type=\"container\" data-e-type=\"container\" data-settings=\"{&quot;background_background&quot;:&quot;classic&quot;}\">\n\t\t\t\t<div class=\"elementor-element elementor-element-7d19f39 elementor-widget elementor-widget-text-editor\" data-id=\"7d19f39\" data-element_type=\"widget\" data-e-type=\"widget\" data-widget_type=\"text-editor.default\">\n\t\t\t\t\t\t\t\t\t<p class=\"p1\">Provo a scrivere qui alcune delle motivazioni che mi hanno portato a svolgere questa attivit\u00e0.<\/p><p class=\"p1\">Questa attivit\u00e0 di analista \u00e8 l\u2019esito di un percorso di ricerca. L\u2019essere umano, il suo mistero, la sua complessit\u00e0, la sua sacralit\u00e0, la sua contraddittoriet\u00e0, la sua fragilit\u00e0 e forza, le sue emozioni profonde, le dimensioni che emergono nell\u2019incontrare l\u2019altro sono ci\u00f2 che mi ha sempre interessato.\u00a0 Per questo amo l\u2019arte tutta e la scrittura in special modo.<\/p><p class=\"p1\">In passato, durante gli studi, conoscendo autori e leggendo libri di psicologia, sentivo mancare a molti approcci una dimensione per me essenziale: la dimensione spirituale e del senso. Dimensioni sempre personalissime, esito mai terminato di un cammino di ricerca di ognuno di noi: vivere, insomma.<\/p><p class=\"p1\">Aver vissuto a mia volta l&#8217;esperienza dell&#8217;analisi come analizzante (prassi per altro obbligatoria per chiunque desideri praticare come analista) mi ha portato a riporre la totale fiducia in questa pratica. Ogni incontro analitico \u00e8 un viaggio misterioso, a tratti doloroso e faticoso, a tratti felice, ma sempre vivificante.<\/p>\t\t\t\t\t\t\t\t<\/div>\n\t\t\t\t<\/div>\n\t\t<div class=\"elementor-element elementor-element-7d0f529 e-con-full e-flex e-con e-child\" data-id=\"7d0f529\" data-element_type=\"container\" data-e-type=\"container\">\n\t\t\t\t<div class=\"elementor-element elementor-element-b4853c2 elementor-widget elementor-widget-image\" data-id=\"b4853c2\" data-element_type=\"widget\" data-e-type=\"widget\" data-widget_type=\"image.default\">\n\t\t\t\t\t\t\t\t\t\t\t\t\t\t\t<img decoding=\"async\" width=\"1355\" height=\"1343\" src=\"https:\/\/pietrocoerezza.it\/wp-content\/uploads\/2026\/03\/MARGINE-PICCOLO-1.png\" class=\"attachment-full size-full wp-image-484\" alt=\"\" srcset=\"https:\/\/pietrocoerezza.it\/wp-content\/uploads\/2026\/03\/MARGINE-PICCOLO-1.png 1355w, https:\/\/pietrocoerezza.it\/wp-content\/uploads\/2026\/03\/MARGINE-PICCOLO-1-300x297.png 300w, https:\/\/pietrocoerezza.it\/wp-content\/uploads\/2026\/03\/MARGINE-PICCOLO-1-1024x1015.png 1024w, https:\/\/pietrocoerezza.it\/wp-content\/uploads\/2026\/03\/MARGINE-PICCOLO-1-150x150.png 150w, https:\/\/pietrocoerezza.it\/wp-content\/uploads\/2026\/03\/MARGINE-PICCOLO-1-768x761.png 768w, https:\/\/pietrocoerezza.it\/wp-content\/uploads\/2026\/03\/elementor\/thumbs\/MARGINE-PICCOLO-1-rk0jaghmeps8i8cu1usu4zi0bzkhuuqx6fl6w71x48.png 100w\" sizes=\"(max-width: 1355px) 100vw, 1355px\" \/>\t\t\t\t\t\t\t\t\t\t\t\t\t\t\t<\/div>\n\t\t\t\t<\/div>\n\t\t\t\t<\/div>\n\t\t\t\t<\/div>\n\t\t","protected":false},"excerpt":{"rendered":"<p>Profilo Analista Biografico a Orientamento Filosofico (if), ho frequentato il corso di specializzazione superiore in Abof della scuola Philo a Milano.Lavoro come analista biografico, formatore e come consulente per la comunicazione e la scrittura (laureato in Scienze della Formazione con una tesi in filosofia contemporanea e successivamente diplomato al master della scuola Holden di Torino).Alla [&hellip;]<\/p>\n","protected":false},"author":1,"featured_media":0,"parent":0,"menu_order":0,"comment_status":"closed","ping_status":"closed","template":"","meta":{"footnotes":""},"class_list":["post-301","page","type-page","status-publish","hentry"],"yoast_head":"<!-- This site is optimized with the Yoast SEO plugin v27.1.1 - https:\/\/yoast.com\/product\/yoast-seo-wordpress\/ -->\n<title>chi sono - Pietro Coerezza<\/title>\n<meta name=\"robots\" content=\"index, follow, max-snippet:-1, max-image-preview:large, max-video-preview:-1\" \/>\n<link rel=\"canonical\" href=\"https:\/\/pietrocoerezza.it\/?page_id=301\" \/>\n<meta property=\"og:locale\" content=\"it_IT\" \/>\n<meta property=\"og:type\" content=\"article\" \/>\n<meta property=\"og:title\" content=\"chi sono - Pietro Coerezza\" \/>\n<meta property=\"og:description\" content=\"Profilo Analista Biografico a Orientamento Filosofico (if), ho frequentato il corso di specializzazione superiore in Abof della scuola Philo a Milano.Lavoro come analista biografico, formatore e come consulente per la comunicazione e la scrittura (laureato in Scienze della Formazione con una tesi in filosofia contemporanea e successivamente diplomato al master della scuola Holden di Torino).Alla [&hellip;]\" \/>\n<meta property=\"og:url\" content=\"https:\/\/pietrocoerezza.it\/?page_id=301\" \/>\n<meta property=\"og:site_name\" content=\"Pietro Coerezza\" \/>\n<meta property=\"article:modified_time\" content=\"2026-03-07T21:50:57+00:00\" \/>\n<meta property=\"og:image\" content=\"https:\/\/pietrocoerezza.it\/wp-content\/uploads\/2026\/03\/Screenshot-2026-03-05-alle-08.54.25-855x1024.png\" \/>\n\t<meta property=\"og:image:width\" content=\"855\" \/>\n\t<meta property=\"og:image:height\" content=\"1024\" \/>\n\t<meta property=\"og:image:type\" content=\"image\/png\" \/>\n<meta name=\"twitter:card\" content=\"summary_large_image\" \/>\n<meta name=\"twitter:label1\" content=\"Tempo di lettura stimato\" \/>\n\t<meta name=\"twitter:data1\" content=\"3 minuti\" \/>\n<script type=\"application\/ld+json\" class=\"yoast-schema-graph\">{\"@context\":\"https:\/\/schema.org\",\"@graph\":[{\"@type\":\"WebPage\",\"@id\":\"https:\/\/pietrocoerezza.it\/?page_id=301\",\"url\":\"https:\/\/pietrocoerezza.it\/?page_id=301\",\"name\":\"chi sono - Pietro Coerezza\",\"isPartOf\":{\"@id\":\"https:\/\/pietrocoerezza.it\/#website\"},\"primaryImageOfPage\":{\"@id\":\"https:\/\/pietrocoerezza.it\/?page_id=301#primaryimage\"},\"image\":{\"@id\":\"https:\/\/pietrocoerezza.it\/?page_id=301#primaryimage\"},\"thumbnailUrl\":\"https:\/\/pietrocoerezza.it\/wp-content\/uploads\/2026\/03\/Screenshot-2026-03-05-alle-08.54.25-855x1024.png\",\"datePublished\":\"2026-03-03T16:30:46+00:00\",\"dateModified\":\"2026-03-07T21:50:57+00:00\",\"breadcrumb\":{\"@id\":\"https:\/\/pietrocoerezza.it\/?page_id=301#breadcrumb\"},\"inLanguage\":\"it-IT\",\"potentialAction\":[{\"@type\":\"ReadAction\",\"target\":[\"https:\/\/pietrocoerezza.it\/?page_id=301\"]}]},{\"@type\":\"ImageObject\",\"inLanguage\":\"it-IT\",\"@id\":\"https:\/\/pietrocoerezza.it\/?page_id=301#primaryimage\",\"url\":\"https:\/\/pietrocoerezza.it\/wp-content\/uploads\/2026\/03\/Screenshot-2026-03-05-alle-08.54.25.png\",\"contentUrl\":\"https:\/\/pietrocoerezza.it\/wp-content\/uploads\/2026\/03\/Screenshot-2026-03-05-alle-08.54.25.png\",\"width\":1306,\"height\":1564},{\"@type\":\"BreadcrumbList\",\"@id\":\"https:\/\/pietrocoerezza.it\/?page_id=301#breadcrumb\",\"itemListElement\":[{\"@type\":\"ListItem\",\"position\":1,\"name\":\"Home\",\"item\":\"https:\/\/pietrocoerezza.it\/\"},{\"@type\":\"ListItem\",\"position\":2,\"name\":\"chi sono\"}]},{\"@type\":\"WebSite\",\"@id\":\"https:\/\/pietrocoerezza.it\/#website\",\"url\":\"https:\/\/pietrocoerezza.it\/\",\"name\":\"Pietro Coerezza\",\"description\":\"Analista Biografico Abof\",\"publisher\":{\"@id\":\"https:\/\/pietrocoerezza.it\/#organization\"},\"potentialAction\":[{\"@type\":\"SearchAction\",\"target\":{\"@type\":\"EntryPoint\",\"urlTemplate\":\"https:\/\/pietrocoerezza.it\/?s={search_term_string}\"},\"query-input\":{\"@type\":\"PropertyValueSpecification\",\"valueRequired\":true,\"valueName\":\"search_term_string\"}}],\"inLanguage\":\"it-IT\"},{\"@type\":\"Organization\",\"@id\":\"https:\/\/pietrocoerezza.it\/#organization\",\"name\":\"Pietro Coerezza\",\"url\":\"https:\/\/pietrocoerezza.it\/\",\"logo\":{\"@type\":\"ImageObject\",\"inLanguage\":\"it-IT\",\"@id\":\"https:\/\/pietrocoerezza.it\/#\/schema\/logo\/image\/\",\"url\":\"https:\/\/pietrocoerezza.it\/wp-content\/uploads\/2026\/03\/Cavalliere-1.png\",\"contentUrl\":\"https:\/\/pietrocoerezza.it\/wp-content\/uploads\/2026\/03\/Cavalliere-1.png\",\"width\":1024,\"height\":1536,\"caption\":\"Pietro Coerezza\"},\"image\":{\"@id\":\"https:\/\/pietrocoerezza.it\/#\/schema\/logo\/image\/\"}}]}<\/script>\n<!-- \/ Yoast SEO plugin. -->","yoast_head_json":{"title":"chi sono - Pietro Coerezza","robots":{"index":"index","follow":"follow","max-snippet":"max-snippet:-1","max-image-preview":"max-image-preview:large","max-video-preview":"max-video-preview:-1"},"canonical":"https:\/\/pietrocoerezza.it\/?page_id=301","og_locale":"it_IT","og_type":"article","og_title":"chi sono - Pietro Coerezza","og_description":"Profilo Analista Biografico a Orientamento Filosofico (if), ho frequentato il corso di specializzazione superiore in Abof della scuola Philo a Milano.Lavoro come analista biografico, formatore e come consulente per la comunicazione e la scrittura (laureato in Scienze della Formazione con una tesi in filosofia contemporanea e successivamente diplomato al master della scuola Holden di Torino).Alla [&hellip;]","og_url":"https:\/\/pietrocoerezza.it\/?page_id=301","og_site_name":"Pietro Coerezza","article_modified_time":"2026-03-07T21:50:57+00:00","og_image":[{"width":855,"height":1024,"url":"https:\/\/pietrocoerezza.it\/wp-content\/uploads\/2026\/03\/Screenshot-2026-03-05-alle-08.54.25-855x1024.png","type":"image\/png"}],"twitter_card":"summary_large_image","twitter_misc":{"Tempo di lettura stimato":"3 minuti"},"schema":{"@context":"https:\/\/schema.org","@graph":[{"@type":"WebPage","@id":"https:\/\/pietrocoerezza.it\/?page_id=301","url":"https:\/\/pietrocoerezza.it\/?page_id=301","name":"chi sono - Pietro Coerezza","isPartOf":{"@id":"https:\/\/pietrocoerezza.it\/#website"},"primaryImageOfPage":{"@id":"https:\/\/pietrocoerezza.it\/?page_id=301#primaryimage"},"image":{"@id":"https:\/\/pietrocoerezza.it\/?page_id=301#primaryimage"},"thumbnailUrl":"https:\/\/pietrocoerezza.it\/wp-content\/uploads\/2026\/03\/Screenshot-2026-03-05-alle-08.54.25-855x1024.png","datePublished":"2026-03-03T16:30:46+00:00","dateModified":"2026-03-07T21:50:57+00:00","breadcrumb":{"@id":"https:\/\/pietrocoerezza.it\/?page_id=301#breadcrumb"},"inLanguage":"it-IT","potentialAction":[{"@type":"ReadAction","target":["https:\/\/pietrocoerezza.it\/?page_id=301"]}]},{"@type":"ImageObject","inLanguage":"it-IT","@id":"https:\/\/pietrocoerezza.it\/?page_id=301#primaryimage","url":"https:\/\/pietrocoerezza.it\/wp-content\/uploads\/2026\/03\/Screenshot-2026-03-05-alle-08.54.25.png","contentUrl":"https:\/\/pietrocoerezza.it\/wp-content\/uploads\/2026\/03\/Screenshot-2026-03-05-alle-08.54.25.png","width":1306,"height":1564},{"@type":"BreadcrumbList","@id":"https:\/\/pietrocoerezza.it\/?page_id=301#breadcrumb","itemListElement":[{"@type":"ListItem","position":1,"name":"Home","item":"https:\/\/pietrocoerezza.it\/"},{"@type":"ListItem","position":2,"name":"chi sono"}]},{"@type":"WebSite","@id":"https:\/\/pietrocoerezza.it\/#website","url":"https:\/\/pietrocoerezza.it\/","name":"Pietro Coerezza","description":"Analista Biografico Abof","publisher":{"@id":"https:\/\/pietrocoerezza.it\/#organization"},"potentialAction":[{"@type":"SearchAction","target":{"@type":"EntryPoint","urlTemplate":"https:\/\/pietrocoerezza.it\/?s={search_term_string}"},"query-input":{"@type":"PropertyValueSpecification","valueRequired":true,"valueName":"search_term_string"}}],"inLanguage":"it-IT"},{"@type":"Organization","@id":"https:\/\/pietrocoerezza.it\/#organization","name":"Pietro Coerezza","url":"https:\/\/pietrocoerezza.it\/","logo":{"@type":"ImageObject","inLanguage":"it-IT","@id":"https:\/\/pietrocoerezza.it\/#\/schema\/logo\/image\/","url":"https:\/\/pietrocoerezza.it\/wp-content\/uploads\/2026\/03\/Cavalliere-1.png","contentUrl":"https:\/\/pietrocoerezza.it\/wp-content\/uploads\/2026\/03\/Cavalliere-1.png","width":1024,"height":1536,"caption":"Pietro Coerezza"},"image":{"@id":"https:\/\/pietrocoerezza.it\/#\/schema\/logo\/image\/"}}]}},"_links":{"self":[{"href":"https:\/\/pietrocoerezza.it\/index.php?rest_route=\/wp\/v2\/pages\/301","targetHints":{"allow":["GET"]}}],"collection":[{"href":"https:\/\/pietrocoerezza.it\/index.php?rest_route=\/wp\/v2\/pages"}],"about":[{"href":"https:\/\/pietrocoerezza.it\/index.php?rest_route=\/wp\/v2\/types\/page"}],"author":[{"embeddable":true,"href":"https:\/\/pietrocoerezza.it\/index.php?rest_route=\/wp\/v2\/users\/1"}],"replies":[{"embeddable":true,"href":"https:\/\/pietrocoerezza.it\/index.php?rest_route=%2Fwp%2Fv2%2Fcomments&post=301"}],"version-history":[{"count":130,"href":"https:\/\/pietrocoerezza.it\/index.php?rest_route=\/wp\/v2\/pages\/301\/revisions"}],"predecessor-version":[{"id":1159,"href":"https:\/\/pietrocoerezza.it\/index.php?rest_route=\/wp\/v2\/pages\/301\/revisions\/1159"}],"wp:attachment":[{"href":"https:\/\/pietrocoerezza.it\/index.php?rest_route=%2Fwp%2Fv2%2Fmedia&parent=301"}],"curies":[{"name":"wp","href":"https:\/\/api.w.org\/{rel}","templated":true}]}}